{"id":25,"date":"2023-04-17T08:19:24","date_gmt":"2023-04-17T08:19:24","guid":{"rendered":"https:\/\/www.imagopsicologos.com\/nuevaweb\/?page_id=25"},"modified":"2023-04-17T08:19:27","modified_gmt":"2023-04-17T08:19:27","slug":"politica-de-cookies","status":"publish","type":"page","link":"https:\/\/www.imagopsicologos.com\/nuevaweb\/politica-de-cookies\/","title":{"rendered":"Pol\u00edtica de Cookies"},"content":{"rendered":"<p>[et_pb_section fb_built=\u00bb1&#8243; theme_builder_area=\u00bbpost_content\u00bb _builder_version=\u00bb4.19.4&#8243; _module_preset=\u00bbdefault\u00bb][et_pb_row _builder_version=\u00bb4.19.4&#8243; _module_preset=\u00bbdefault\u00bb theme_builder_area=\u00bbpost_content\u00bb][et_pb_column _builder_version=\u00bb4.19.4&#8243; _module_preset=\u00bbdefault\u00bb type=\u00bb4_4&#8243; theme_builder_area=\u00bbpost_content\u00bb][et_pb_text _builder_version=\u00bb4.19.4&#8243; _module_preset=\u00bbdefault\u00bb theme_builder_area=\u00bbpost_content\u00bb hover_enabled=\u00bb0&#8243; sticky_enabled=\u00bb0&#8243;]<\/p>\n<h1>Pol\u00edtica de Cookies de IMAGO PSIC\u00d3LOGOS<\/h1>\n<p>El sitio web imagopsicologos.com utiliza cookies para dar soporte a la navegaci\u00f3n y para elaborar estad\u00edsticas sobre su uso por parte de los usuarios.<\/p>\n<h3>\u00bfQU\u00c9 SON LAS COOKIES?<\/h3>\n<p>Las cookies son peque\u00f1os archivos que se almacenan en su dispositivo a petici\u00f3n de los sitios web que visita a trav\u00e9s de su navegador. Permiten diferenciar a cada usuario de forma \u00fanica, almacenar sus preferencias e informaci\u00f3n t\u00e9cnica y son una herramienta fundamental en la navegaci\u00f3n, sin ellas no se podr\u00eda, por ejemplo, utilizar el carrito de compra en las tiendas virtuales. La informaci\u00f3n que almacenan no incluye datos personales ni permiten acceder en modo alguno a la informaci\u00f3n contenida en su equipo.<\/p>\n<h3>TIPOS DE COOKIES<\/h3>\n<p><strong>Cookies t\u00e9cnicas:<\/strong>\u00a0Son aquellas que resultan imprescindibles para navegar a trav\u00e9s de un sitio web y permiten, por ejemplo, identificarse como usuario registrado.<\/p>\n<p><strong>Cookies de personalizaci\u00f3n:<\/strong>\u00a0Son aqu\u00e9llas que permiten mostrar al usuario contenidos personalizados en funci\u00f3n de los datos obtenidos del navegador como por ejemplo, el idioma, el tipo de dispositivo, etc.<\/p>\n<p><strong>Cookies de an\u00e1lisis:<\/strong>\u00a0Son aqu\u00e9llas que permiten, el seguimiento y an\u00e1lisis del comportamiento de los usuarios y suelen utilizarse a efectos estad\u00edsticos.<\/p>\n<p><strong>Cookies publicitarias y de publicidad comportamental:<\/strong>\u00a0Permiten gestionar de forma eficaz los espacios publicitarios de un sitio web y controlan el contenido y la frecuencia en la que se muestran sus anuncios.<\/p>\n<p>Para m\u00e1s informaci\u00f3n al respecto puede consultar la\u00a0<a href=\"http:\/\/www.agpd.es\/portalwebAGPD\/canaldocumentacion\/publicaciones\/common\/Guias\/Guia_Cookies.pdf\" rel=\"nofollow\">Gu\u00eda sobre el uso de las cookies de la Agencia Espa\u00f1ola de Protecci\u00f3n de Datos<\/a><\/p>\n<h3>COOKIES UTILIZADAS EN ESTE SITIO WEB<\/h3>\n<table class=\"table\" border=\"0\" width=\"100%\" cellspacing=\"0\" cellpadding=\"0\">\n<thead>\n<tr>\n<th><b>Tipo<\/b><\/th>\n<th><b>Propietario<\/b><\/th>\n<th><b>Funci\u00f3n<\/b><\/th>\n<\/tr>\n<\/thead>\n<tbody>\n<tr>\n<td valign=\"top\"><b>Cookies t\u00e9cnicas:<\/b>\u00a0__utma, __utmb, __utmc, __utmz, viewed_cookie_policy<\/td>\n<td valign=\"top\">imagopsicologos.com<\/td>\n<td valign=\"top\">Facilitar la navegaci\u00f3n. viewed_cookie_policy gestiona el consentimiento para el uso de cookies.<\/td>\n<\/tr>\n<tr>\n<td valign=\"top\"><b>Cookies de an\u00e1lisis:<\/b>\u00a0NID, PREF<\/td>\n<td valign=\"top\">Google.com<\/td>\n<td valign=\"top\">Elaborar estad\u00edsticas de uso del sitio web.<\/td>\n<\/tr>\n<\/tbody>\n<\/table>\n<h3>ACEPTACI\u00d3N DE LA POL\u00cdTICA DE COOKIES<\/h3>\n<p>Si continua navegando consideramos que acepta el uso de cookies. Puede revocar en cualquier momento el consentimiento prestado para la utilizaci\u00f3n de cookies por parte de imagopsicologos.com configurando su navegador como se describe en el siguiente punto. La revocaci\u00f3n del consentimiento puede impedir el uso de algunas \u00e1reas del sitio web.<\/p>\n<p>No se precisa consentimiento para la instalaci\u00f3n de cookies t\u00e9cnicas y de personalizaci\u00f3n o aquellas que sean estrictamente necesarias para la navegaci\u00f3n.<\/p>\n<h3>C\u00d3MO PERSONALIZAR LA CONFIGURACI\u00d3N DE COOKIES EN LOS PRINCIPALES NAVEGADORES<\/h3>\n<p>Usted puede borrar y denegar el uso de cookies por parte de imagopsicologos.com, o de cualquier otro sitio web, en su navegador. Encontrar\u00e1 m\u00e1s informaci\u00f3n en los siguientes enlaces.<\/p>\n<ul>\n<li><strong>Internet Explorer:<\/strong>\u00a0<a href=\"http:\/\/windows.microsoft.com\/es-xl\/internet-explorer\/delete-manage-cookies#ie=ie-10\" rel=\"nofollow\">windows.microsoft.com\/es-xl\/internet-explorer\/delete-manage-cookies#ie=\u00bbie-10&#8243;<\/a><\/li>\n<li><strong>FireFox:<\/strong>\u00a0<a href=\"https:\/\/support.mozilla.org\/es\/kb\/Borrar%20cookies\" rel=\"nofollow\">support.mozilla.org\/es\/kb\/Borrar%20cookies<\/a><\/li>\n<li><strong>Chrome:<\/strong>\u00a0<a href=\"https:\/\/support.google.com\/chrome\/answer\/95647?hl=es\" rel=\"nofollow\">support.google.com\/chrome\/answer\/95647?hl=\u00bbes\u00bb<\/a><\/li>\n<li><strong>Safari:<\/strong>\u00a0<a href=\"http:\/\/www.apple.com\/es\/privacy\/use-of-cookies\/\" rel=\"nofollow\">http:\/\/www.apple.com\/es\/privacy\/use-of-cookies\/<\/a><\/li>\n<\/ul>\n<p>Tambi\u00e9n puede gestionar el uso de cookies en su navegador a trav\u00e9s de las siguientes herramientas:<\/p>\n<ul>\n<li><strong>Ghostery:<\/strong>\u00a0<a href=\"http:\/\/www.ghostery.com\/\" rel=\"nofollow\">http:\/\/www.ghostery.com<\/a><\/li>\n<li><strong>Your online choices:<\/strong>\u00a0<a href=\"http:\/\/www.youronlinechoices.com\/es\/\" rel=\"nofollow\">http:\/\/www.youronlinechoices.com\/es\/<\/a><\/li>\n<\/ul>\n<p>&nbsp;<\/p>\n<p>[\/et_pb_text][\/et_pb_column][\/et_pb_row][\/et_pb_section]<\/p>\n","protected":false},"excerpt":{"rendered":"<p>Pol\u00edtica de Cookies de IMAGO PSIC\u00d3LOGOS El sitio web imagopsicologos.com utiliza cookies para dar soporte a la navegaci\u00f3n y para elaborar estad\u00edsticas sobre su uso por parte de los usuarios. \u00bfQU\u00c9 SON LAS COOKIES? Las cookies son peque\u00f1os archivos que se almacenan en su dispositivo a petici\u00f3n de los sitios web que visita a trav\u00e9s [&hellip;]<\/p>\n","protected":false},"author":1,"featured_media":0,"parent":0,"menu_order":0,"comment_status":"closed","ping_status":"closed","template":"","meta":{"_et_pb_use_builder":"on","_et_pb_old_content":"","_et_gb_content_width":"","footnotes":""},"class_list":["post-25","page","type-page","status-publish","hentry"],"yoast_head":"<!-- This site is optimized with the Yoast SEO plugin v20.9 - https:\/\/yoast.com\/wordpress\/plugins\/seo\/ -->\n<title>Pol\u00edtica de Cookies | Imago: Terapia en Torrelodones<\/title>\n<meta name=\"robots\" content=\"noindex, follow, max-snippet:-1, max-image-preview:large, max-video-preview:-1\" \/>\n<meta property=\"og:locale\" content=\"es_ES\" \/>\n<meta property=\"og:type\" content=\"article\" \/>\n<meta property=\"og:title\" content=\"Pol\u00edtica de Cookies | Imago: Terapia en Torrelodones\" \/>\n<meta property=\"og:description\" content=\"Pol\u00edtica de Cookies de IMAGO PSIC\u00d3LOGOS El sitio web imagopsicologos.com utiliza cookies para dar soporte a la navegaci\u00f3n y para elaborar estad\u00edsticas sobre su uso por parte de los usuarios. \u00bfQU\u00c9 SON LAS COOKIES? Las cookies son peque\u00f1os archivos que se almacenan en su dispositivo a petici\u00f3n de los sitios web que visita a trav\u00e9s [&hellip;]\" \/>\n<meta property=\"og:url\" content=\"https:\/\/www.imagopsicologos.com\/nuevaweb\/politica-de-cookies\/\" \/>\n<meta property=\"og:site_name\" content=\"Imago: Terapia en Torrelodones\" \/>\n<meta property=\"article:publisher\" content=\"https:\/\/www.facebook.com\/imagopsicologos\/\" \/>\n<meta property=\"article:modified_time\" content=\"2023-04-17T08:19:27+00:00\" \/>\n<meta property=\"og:image\" content=\"https:\/\/www.imagopsicologos.com\/nuevaweb\/wp-content\/uploads\/2023\/06\/logo-con-telefono-copia.jpeg\" \/>\n\t<meta property=\"og:image:width\" content=\"480\" \/>\n\t<meta property=\"og:image:height\" content=\"480\" \/>\n\t<meta property=\"og:image:type\" content=\"image\/jpeg\" \/>\n<meta name=\"twitter:card\" content=\"summary_large_image\" \/>\n<meta name=\"twitter:label1\" content=\"Tiempo de lectura\" \/>\n\t<meta name=\"twitter:data1\" content=\"3 minutos\" \/>\n<script type=\"application\/ld+json\" class=\"yoast-schema-graph\">{\"@context\":\"https:\/\/schema.org\",\"@graph\":[{\"@type\":\"Article\",\"@id\":\"https:\/\/www.imagopsicologos.com\/nuevaweb\/politica-de-cookies\/#article\",\"isPartOf\":{\"@id\":\"https:\/\/www.imagopsicologos.com\/nuevaweb\/politica-de-cookies\/\"},\"author\":{\"name\":\"admin\",\"@id\":\"https:\/\/www.imagopsicologos.com\/nuevaweb\/#\/schema\/person\/9239a95512d4c081a7328527a401e179\"},\"headline\":\"Pol\u00edtica de Cookies\",\"datePublished\":\"2023-04-17T08:19:24+00:00\",\"dateModified\":\"2023-04-17T08:19:27+00:00\",\"mainEntityOfPage\":{\"@id\":\"https:\/\/www.imagopsicologos.com\/nuevaweb\/politica-de-cookies\/\"},\"wordCount\":604,\"publisher\":{\"@id\":\"https:\/\/www.imagopsicologos.com\/nuevaweb\/#organization\"},\"inLanguage\":\"es\"},{\"@type\":\"WebPage\",\"@id\":\"https:\/\/www.imagopsicologos.com\/nuevaweb\/politica-de-cookies\/\",\"url\":\"https:\/\/www.imagopsicologos.com\/nuevaweb\/politica-de-cookies\/\",\"name\":\"Pol\u00edtica de Cookies | Imago: Terapia en Torrelodones\",\"isPartOf\":{\"@id\":\"https:\/\/www.imagopsicologos.com\/nuevaweb\/#website\"},\"datePublished\":\"2023-04-17T08:19:24+00:00\",\"dateModified\":\"2023-04-17T08:19:27+00:00\",\"breadcrumb\":{\"@id\":\"https:\/\/www.imagopsicologos.com\/nuevaweb\/politica-de-cookies\/#breadcrumb\"},\"inLanguage\":\"es\",\"potentialAction\":[{\"@type\":\"ReadAction\",\"target\":[\"https:\/\/www.imagopsicologos.com\/nuevaweb\/politica-de-cookies\/\"]}]},{\"@type\":\"BreadcrumbList\",\"@id\":\"https:\/\/www.imagopsicologos.com\/nuevaweb\/politica-de-cookies\/#breadcrumb\",\"itemListElement\":[{\"@type\":\"ListItem\",\"position\":1,\"name\":\"Portada\",\"item\":\"https:\/\/www.imagopsicologos.com\/nuevaweb\/\"},{\"@type\":\"ListItem\",\"position\":2,\"name\":\"Pol\u00edtica de Cookies\"}]},{\"@type\":\"WebSite\",\"@id\":\"https:\/\/www.imagopsicologos.com\/nuevaweb\/#website\",\"url\":\"https:\/\/www.imagopsicologos.com\/nuevaweb\/\",\"name\":\"Imago: Terapia en Torrelodones\",\"description\":\"Psicoterapia en Torrelodones en Torrelodones\",\"publisher\":{\"@id\":\"https:\/\/www.imagopsicologos.com\/nuevaweb\/#organization\"},\"alternateName\":\"Centro de psicoterapia en Torrelodones\",\"potentialAction\":[{\"@type\":\"SearchAction\",\"target\":{\"@type\":\"EntryPoint\",\"urlTemplate\":\"https:\/\/www.imagopsicologos.com\/nuevaweb\/?s={search_term_string}\"},\"query-input\":\"required name=search_term_string\"}],\"inLanguage\":\"es\"},{\"@type\":\"Organization\",\"@id\":\"https:\/\/www.imagopsicologos.com\/nuevaweb\/#organization\",\"name\":\"Imago: Terapia en Torrelodones\",\"url\":\"https:\/\/www.imagopsicologos.com\/nuevaweb\/\",\"logo\":{\"@type\":\"ImageObject\",\"inLanguage\":\"es\",\"@id\":\"https:\/\/www.imagopsicologos.com\/nuevaweb\/#\/schema\/logo\/image\/\",\"url\":\"https:\/\/www.imagopsicologos.com\/nuevaweb\/wp-content\/uploads\/2023\/06\/logo-con-telefono-copia.jpeg\",\"contentUrl\":\"https:\/\/www.imagopsicologos.com\/nuevaweb\/wp-content\/uploads\/2023\/06\/logo-con-telefono-copia.jpeg\",\"width\":480,\"height\":480,\"caption\":\"Imago: Terapia en Torrelodones\"},\"image\":{\"@id\":\"https:\/\/www.imagopsicologos.com\/nuevaweb\/#\/schema\/logo\/image\/\"},\"sameAs\":[\"https:\/\/www.facebook.com\/imagopsicologos\/\"]},{\"@type\":\"Person\",\"@id\":\"https:\/\/www.imagopsicologos.com\/nuevaweb\/#\/schema\/person\/9239a95512d4c081a7328527a401e179\",\"name\":\"admin\",\"image\":{\"@type\":\"ImageObject\",\"inLanguage\":\"es\",\"@id\":\"https:\/\/www.imagopsicologos.com\/nuevaweb\/#\/schema\/person\/image\/\",\"url\":\"https:\/\/secure.gravatar.com\/avatar\/899e4ee70cf3334f8869cd9dfa591cdd3e01232bfd02f7244f9f127390634012?s=96&d=mm&r=g\",\"contentUrl\":\"https:\/\/secure.gravatar.com\/avatar\/899e4ee70cf3334f8869cd9dfa591cdd3e01232bfd02f7244f9f127390634012?s=96&d=mm&r=g\",\"caption\":\"admin\"},\"sameAs\":[\"https:\/\/www.imagopsicologos.com\/nuevaweb\"],\"url\":\"https:\/\/www.imagopsicologos.com\/nuevaweb\/author\/admin\/\"}]}<\/script>\n<!-- \/ Yoast SEO plugin. -->","yoast_head_json":{"title":"Pol\u00edtica de Cookies | Imago: Terapia en Torrelodones","robots":{"index":"noindex","follow":"follow","max-snippet":"max-snippet:-1","max-image-preview":"max-image-preview:large","max-video-preview":"max-video-preview:-1"},"og_locale":"es_ES","og_type":"article","og_title":"Pol\u00edtica de Cookies | Imago: Terapia en Torrelodones","og_description":"Pol\u00edtica de Cookies de IMAGO PSIC\u00d3LOGOS El sitio web imagopsicologos.com utiliza cookies para dar soporte a la navegaci\u00f3n y para elaborar estad\u00edsticas sobre su uso por parte de los usuarios. \u00bfQU\u00c9 SON LAS COOKIES? Las cookies son peque\u00f1os archivos que se almacenan en su dispositivo a petici\u00f3n de los sitios web que visita a trav\u00e9s [&hellip;]","og_url":"https:\/\/www.imagopsicologos.com\/nuevaweb\/politica-de-cookies\/","og_site_name":"Imago: Terapia en Torrelodones","article_publisher":"https:\/\/www.facebook.com\/imagopsicologos\/","article_modified_time":"2023-04-17T08:19:27+00:00","og_image":[{"width":480,"height":480,"url":"https:\/\/www.imagopsicologos.com\/nuevaweb\/wp-content\/uploads\/2023\/06\/logo-con-telefono-copia.jpeg","type":"image\/jpeg"}],"twitter_card":"summary_large_image","twitter_misc":{"Tiempo de lectura":"3 minutos"},"schema":{"@context":"https:\/\/schema.org","@graph":[{"@type":"Article","@id":"https:\/\/www.imagopsicologos.com\/nuevaweb\/politica-de-cookies\/#article","isPartOf":{"@id":"https:\/\/www.imagopsicologos.com\/nuevaweb\/politica-de-cookies\/"},"author":{"name":"admin","@id":"https:\/\/www.imagopsicologos.com\/nuevaweb\/#\/schema\/person\/9239a95512d4c081a7328527a401e179"},"headline":"Pol\u00edtica de Cookies","datePublished":"2023-04-17T08:19:24+00:00","dateModified":"2023-04-17T08:19:27+00:00","mainEntityOfPage":{"@id":"https:\/\/www.imagopsicologos.com\/nuevaweb\/politica-de-cookies\/"},"wordCount":604,"publisher":{"@id":"https:\/\/www.imagopsicologos.com\/nuevaweb\/#organization"},"inLanguage":"es"},{"@type":"WebPage","@id":"https:\/\/www.imagopsicologos.com\/nuevaweb\/politica-de-cookies\/","url":"https:\/\/www.imagopsicologos.com\/nuevaweb\/politica-de-cookies\/","name":"Pol\u00edtica de Cookies | Imago: Terapia en Torrelodones","isPartOf":{"@id":"https:\/\/www.imagopsicologos.com\/nuevaweb\/#website"},"datePublished":"2023-04-17T08:19:24+00:00","dateModified":"2023-04-17T08:19:27+00:00","breadcrumb":{"@id":"https:\/\/www.imagopsicologos.com\/nuevaweb\/politica-de-cookies\/#breadcrumb"},"inLanguage":"es","potentialAction":[{"@type":"ReadAction","target":["https:\/\/www.imagopsicologos.com\/nuevaweb\/politica-de-cookies\/"]}]},{"@type":"BreadcrumbList","@id":"https:\/\/www.imagopsicologos.com\/nuevaweb\/politica-de-cookies\/#breadcrumb","itemListElement":[{"@type":"ListItem","position":1,"name":"Portada","item":"https:\/\/www.imagopsicologos.com\/nuevaweb\/"},{"@type":"ListItem","position":2,"name":"Pol\u00edtica de Cookies"}]},{"@type":"WebSite","@id":"https:\/\/www.imagopsicologos.com\/nuevaweb\/#website","url":"https:\/\/www.imagopsicologos.com\/nuevaweb\/","name":"Imago: Terapia en Torrelodones","description":"Psicoterapia en Torrelodones en Torrelodones","publisher":{"@id":"https:\/\/www.imagopsicologos.com\/nuevaweb\/#organization"},"alternateName":"Centro de psicoterapia en Torrelodones","potentialAction":[{"@type":"SearchAction","target":{"@type":"EntryPoint","urlTemplate":"https:\/\/www.imagopsicologos.com\/nuevaweb\/?s={search_term_string}"},"query-input":"required name=search_term_string"}],"inLanguage":"es"},{"@type":"Organization","@id":"https:\/\/www.imagopsicologos.com\/nuevaweb\/#organization","name":"Imago: Terapia en Torrelodones","url":"https:\/\/www.imagopsicologos.com\/nuevaweb\/","logo":{"@type":"ImageObject","inLanguage":"es","@id":"https:\/\/www.imagopsicologos.com\/nuevaweb\/#\/schema\/logo\/image\/","url":"https:\/\/www.imagopsicologos.com\/nuevaweb\/wp-content\/uploads\/2023\/06\/logo-con-telefono-copia.jpeg","contentUrl":"https:\/\/www.imagopsicologos.com\/nuevaweb\/wp-content\/uploads\/2023\/06\/logo-con-telefono-copia.jpeg","width":480,"height":480,"caption":"Imago: Terapia en Torrelodones"},"image":{"@id":"https:\/\/www.imagopsicologos.com\/nuevaweb\/#\/schema\/logo\/image\/"},"sameAs":["https:\/\/www.facebook.com\/imagopsicologos\/"]},{"@type":"Person","@id":"https:\/\/www.imagopsicologos.com\/nuevaweb\/#\/schema\/person\/9239a95512d4c081a7328527a401e179","name":"admin","image":{"@type":"ImageObject","inLanguage":"es","@id":"https:\/\/www.imagopsicologos.com\/nuevaweb\/#\/schema\/person\/image\/","url":"https:\/\/secure.gravatar.com\/avatar\/899e4ee70cf3334f8869cd9dfa591cdd3e01232bfd02f7244f9f127390634012?s=96&d=mm&r=g","contentUrl":"https:\/\/secure.gravatar.com\/avatar\/899e4ee70cf3334f8869cd9dfa591cdd3e01232bfd02f7244f9f127390634012?s=96&d=mm&r=g","caption":"admin"},"sameAs":["https:\/\/www.imagopsicologos.com\/nuevaweb"],"url":"https:\/\/www.imagopsicologos.com\/nuevaweb\/author\/admin\/"}]}},"_links":{"self":[{"href":"https:\/\/www.imagopsicologos.com\/nuevaweb\/wp-json\/wp\/v2\/pages\/25","targetHints":{"allow":["GET"]}}],"collection":[{"href":"https:\/\/www.imagopsicologos.com\/nuevaweb\/wp-json\/wp\/v2\/pages"}],"about":[{"href":"https:\/\/www.imagopsicologos.com\/nuevaweb\/wp-json\/wp\/v2\/types\/page"}],"author":[{"embeddable":true,"href":"https:\/\/www.imagopsicologos.com\/nuevaweb\/wp-json\/wp\/v2\/users\/1"}],"replies":[{"embeddable":true,"href":"https:\/\/www.imagopsicologos.com\/nuevaweb\/wp-json\/wp\/v2\/comments?post=25"}],"version-history":[{"count":2,"href":"https:\/\/www.imagopsicologos.com\/nuevaweb\/wp-json\/wp\/v2\/pages\/25\/revisions"}],"predecessor-version":[{"id":28,"href":"https:\/\/www.imagopsicologos.com\/nuevaweb\/wp-json\/wp\/v2\/pages\/25\/revisions\/28"}],"wp:attachment":[{"href":"https:\/\/www.imagopsicologos.com\/nuevaweb\/wp-json\/wp\/v2\/media?parent=25"}],"curies":[{"name":"wp","href":"https:\/\/api.w.org\/{rel}","templated":true}]}}